{"id":673,"date":"2024-11-08T17:25:38","date_gmt":"2024-11-08T17:25:38","guid":{"rendered":"https:\/\/policlinicoredondela.com\/?page_id=673"},"modified":"2024-11-14T12:16:06","modified_gmt":"2024-11-14T12:16:06","slug":"politica-de-privacidad","status":"publish","type":"page","link":"https:\/\/policlinicoredondela.com\/?page_id=673","title":{"rendered":"Politica de Privacidad"},"content":{"rendered":"<p>[et_pb_section fb_built=\u00bb1&#8243; admin_label=\u00bbHeader\u00bb _builder_version=\u00bb4.24.2&#8243; _module_preset=\u00bbdefault\u00bb custom_padding=\u00bb||0px||false|false\u00bb collapsed=\u00bbon\u00bb global_colors_info=\u00bb{}\u00bb][et_pb_row _builder_version=\u00bb4.25.0&#8243; _module_preset=\u00bbdefault\u00bb max_width=\u00bbnone\u00bb global_colors_info=\u00bb{}\u00bb][et_pb_column type=\u00bb4_4&#8243; _builder_version=\u00bb4.24.2&#8243; _module_preset=\u00bbdefault\u00bb global_colors_info=\u00bb{}\u00bb][et_pb_text _builder_version=\u00bb4.27.2&#8243; _module_preset=\u00bb63ac1fb3-1b0a-42b6-aca9-752da48b5bbe\u00bb header_text_color=\u00bbgcid-0a70bcaa-1736-40e0-9723-4fb88b8b6694&#8243; text_orientation=\u00bbcenter\u00bb custom_margin=\u00bb||10px||false|false\u00bb global_colors_info=\u00bb{%22gcid-0a70bcaa-1736-40e0-9723-4fb88b8b6694%22:%91%22header_text_color%22%93}\u00bb]<\/p>\n<h1>Pol\u00edtica<\/h1>\n<h1>Privacidad<\/h1>\n<p>[\/et_pb_text][\/et_pb_column][\/et_pb_row][\/et_pb_section][et_pb_section fb_built=\u00bb1&#8243; _builder_version=\u00bb4.27.2&#8243; _module_preset=\u00bbdefault\u00bb global_colors_info=\u00bb{}\u00bb][et_pb_row _builder_version=\u00bb4.27.2&#8243; _module_preset=\u00bbdefault\u00bb global_colors_info=\u00bb{}\u00bb][et_pb_column type=\u00bb4_4&#8243; _builder_version=\u00bb4.27.2&#8243; _module_preset=\u00bbdefault\u00bb global_colors_info=\u00bb{}\u00bb][et_pb_text _builder_version=\u00bb4.27.2&#8243; _module_preset=\u00bbdefault\u00bb hover_enabled=\u00bb0&#8243; global_colors_info=\u00bb{}\u00bb sticky_enabled=\u00bb0&#8243;]<\/p>\n<p><strong>Identificaci\u00f3n del titular del sitio web<\/strong>:<\/p>\n<ul>\n<li>Raz\u00f3n social: policl\u00edcico redondela<\/li>\n<li>Domicilio:\u00a0 Pai Crespo\u00a0 41 baixo, 36800 Redondela, Pontevedra.<\/li>\n<li>NIF: B- 94164530<\/li>\n<li>Correo electr\u00f3nico: info@policlinicoredondela.com.<\/li>\n<\/ul>\n<h2>1) DESCRIPCI\u00d3N<\/h2>\n<p>La aceptaci\u00f3n de la pol\u00edtica de privacidad de www.policl\u00edcicoredondela.com Redondela (en adelante \u201cPol\u00edtica de Privacidad\u201d), es condici\u00f3n necesaria para el uso de nuestra p\u00e1gina web<\/p>\n<p>Esta Pol\u00edtica de Privacidad regula la recopilaci\u00f3n, tratamiento y uso de tu informaci\u00f3n personal y no personal como usuario del Servicio, a partir de la fecha de entrada en vigor que aparece en el encabezado.<\/p>\n<p>www.policl\u00edcicoredondela.com\u00a0 no vende a terceros tu informaci\u00f3n personal y siempre te pedir\u00e1 consentimiento antes de utilizar tus datos para cualquier fin distinto de los que se describen en esta Pol\u00edtica de Privacidad.<\/p>\n<p>Para tratar tus datos personales, Policl\u00ednico Redondela cumple con la legislaci\u00f3n vigente, local y europea, as\u00ed como su normativa de desarrollo.<\/p>\n<p>Por ello adopta las medidas t\u00e9cnicas y organizativas necesarias para evitar la p\u00e9rdida, mal uso, alteraci\u00f3n, acceso no autorizado y robo de los datos personales facilitados. Siempre de acuerdo con el estado de la tecnolog\u00eda, la naturaleza de los datos y los riesgos a los que est\u00e1n expuestos.<\/p>\n<h2>2) INFORMACI\u00d3N RECOPILADA<\/h2>\n<p>La informaci\u00f3n personal y no personal recopilada por el Servicio nos llegar\u00e1 por dos v\u00edas: 1) la recopilada autom\u00e1ticamente y 2) la que nos proporciones voluntariamente.<\/p>\n<h4>2.1.- La recopilada autom\u00e1ticamente<\/h4>\n<p>Esta informaci\u00f3n consistir\u00e1 en:<\/p>\n<ul>\n<li>La recopilada mediante cookies o mecanismos similares almacenados en tu dispositivo, siempre con tu consentimiento. Consulta nuestra <a href=\"https:\/\/cal3foto.com\/politica-de-cookies\">Pol\u00edtica de Cookies<\/a> para m\u00e1s informaci\u00f3n.<\/li>\n<li>La IP desde la que se realiza la conexi\u00f3n, el tipo de dispositivo usado y sus caracter\u00edsticas, la versi\u00f3n del sistema operativo, el tipo de navegador, el idioma, la fecha, el pa\u00eds, la hora de la solicitud, la URL de referencia o la red m\u00f3vil empleada (entre otros).<\/li>\n<li>Datos de uso del Servicio y posibles errores detectados durante su utilizaci\u00f3n.<\/li>\n<li>Datos sobre tu ubicaci\u00f3n f\u00edsica mediante diferentes tecnolog\u00edas: las se\u00f1ales de GPS enviadas por un dispositivo m\u00f3vil o la informaci\u00f3n sobre puntos de acceso Wi-Fi o antenas de telefon\u00eda m\u00f3vil m\u00e1s cercanas. En cualquier caso, estos datos se recopilan siempre de acuerdo con la configuraci\u00f3n de privacidad de tu dispositivo.<\/li>\n<\/ul>\n<h4>2.2.- La que proporcionas voluntariamente<\/h4>\n<p>Esta informaci\u00f3n consistir\u00e1 en:<\/p>\n<ul>\n<li>La informaci\u00f3n, personal o no, que pudieran contener los mensajes enviados a trav\u00e9s de los canales de contacto u opini\u00f3n establecidos en el Servicio, por ejemplo, tu nombre, alias o correo electr\u00f3nico.<\/li>\n<li>El correo electr\u00f3nico que proporciones para inscribirte en el bolet\u00edn de noticias. Si usas el correo electr\u00f3nico de un tercero, reconoces disponer de su consentimiento para ello.<\/li>\n<li>La informaci\u00f3n personal que nos proporcionas al crear tu cuenta de usuario.<\/li>\n<\/ul>\n<h2>3) DERECHOS Y FINALIDADES<\/h2>\n<p>Te informamos que la cumplimentaci\u00f3n de los formularios tiene car\u00e1cter voluntario. Ahora bien, si no rellenas los campos obligatorios (marcados con un asterisco) el uso del Servicio no ser\u00e1 posible o se ver\u00e1 limitado.<\/p>\n<p>Los datos personales que nos facilites quedan incorporados y ser\u00e1n tratados en los ficheros titularidad de POLICL\u00cdNICO REDONDELA, con el fin de poder atender tus peticiones, prestar el servicio solicitado y mantenerte informado sobre cuestiones relativas a la actividad de la empresa y sus servicios.<\/p>\n<p><strong>Puedes ejercer en cualquier momento los derechos de acceso, rectificaci\u00f3n, portabilidad, limitaci\u00f3n, oposici\u00f3n, derecho al olvido y a no ser objeto de decisiones automatizadas<\/strong>, relativos a tus datos de car\u00e1cter personal mediante correo electr\u00f3nico dirigido a <em>info@policlinicoredondela.com<\/em>.<\/p>\n<p>Deber\u00e1s identificarte con tu nombre y apellidos, adem\u00e1s de una copia de tu DNI o ID nacional.<\/p>\n<p>POLICL\u00cdNICO REDONDELA se compromete a respetar la confidencialidad de los datos recogidos en el fichero, utilizarlos de acuerdo con la finalidad de este, dar cumplimiento a su obligaci\u00f3n de custodia y adoptar todas las medidas requeridas para evitar la alteraci\u00f3n, p\u00e9rdida, tratamiento o acceso no autorizado de los datos, de acuerdo a la normativa aplicable.<\/p>\n<h2>4) EDAD<\/h2>\n<p>Declaras que eres mayor de edad y que dispones de la capacidad legal necesaria para vincularte por este acuerdo y utilizar el sitio de conformidad con sus t\u00e9rminos y condiciones, que comprendes y reconoces en su totalidad.<\/p>\n<p>Declaras que toda la informaci\u00f3n que proporciones para acceder al Servicio, antes y durante su utilizaci\u00f3n, es verdadera, completa y precisa.<\/p>\n<h2>5) USO DE LOS DATOS<\/h2>\n<p>POLICL\u00cdNICO REDONDELA usar\u00e1 los datos recopilados para:<\/p>\n<ul>\n<li>Administrar, proporcionar y actualizar el Servicio.<\/li>\n<li>Atender las cuestiones que plantees.<\/li>\n<li>Enviarte mediante correo electr\u00f3nico, si lo has autorizado o seg\u00fan lo previsto en la normativa aplicable, nuestro bolet\u00edn informativo y\/u ofertas de nuestros socios comerciales. Podr\u00e1s darte de baja de estos desde el propio correo electr\u00f3nico recibido contactando con nosotros en info@policlinicoredondela.com. No obstante, no podr\u00e1s darte de baja de determinada correspondencia nuestra, como los mensajes relativos a la seguridad de tus datos o los t\u00e9rminos y condiciones del Servicio.<\/li>\n<li>Planificar y desarrollar las actividades comerciales del Servicio, como por ejemplo publicidad, directamente o mediante terceros colaboradores.<\/li>\n<li>Mantener la seguridad del Servicio, investigar actividades il\u00edcitas, hacer cumplir nuestros t\u00e9rminos y condiciones y ayudar a los cuerpos y fuerzas de seguridad del estado en el marco de sus eventuales investigaciones.<\/li>\n<\/ul>\n<p>Asimismo, POLICLINICO REDONDELA podr\u00e1 utilizar la informaci\u00f3n personal y no personal de los usuarios en forma de datos agregados y an\u00f3nimos para mostrarlos a terceros. Tambi\u00e9n podr\u00e1 compartir estad\u00edsticas y la informaci\u00f3n demogr\u00e1fica sobre los usuarios y su utilizaci\u00f3n del Servicio con terceros. Nada de esto permitir\u00e1 a esos terceros identificarte personalmente.<\/p>\n<h2>6) DATOS COMPARTIDOS CON TERCEROS<\/h2>\n<p>Hay terceros que gestionan parte del Servicio.<\/p>\n<p>A ellos POLICL\u00cdNICO REDONDELA les exige que cumplan esta Pol\u00edtica de Privacidad en lo que les resulte aplicable, adem\u00e1s de tener la suya propia. No obstante, CAL3FOTO no ser\u00e1 responsable del cumplimiento de dicha pol\u00edtica.<\/p>\n<p>Bajo algunas circunstancias, POLICL\u00cdNICO REDONDELA podr\u00e1 compartir, usar o preservar con terceros alguna de la informaci\u00f3n personal recopilada:<\/p>\n<ul>\n<li>Para prestar el Servicio: los proveedores de servicios que prestan funciones en nuestro nombre, como por ejemplo alojamiento web, anal\u00edtica comercial o marketing. Estos proveedores de servicios pueden recopilar y tener acceso a la informaci\u00f3n que les sea necesaria para desempe\u00f1ar sus funciones, pero no tienen permitido compartir o utilizar la informaci\u00f3n para ning\u00fan otro prop\u00f3sito.<\/li>\n<li>Para cooperar con las autoridades competentes:\n<ul>\n<li>Si creemos que es razonablemente necesario para satisfacer cualquier ley, proceso legal o inter\u00e9s leg\u00edtimo en cualquier parte del mundo. En cualquier caso, s\u00f3lo proporcionaremos la informaci\u00f3n estrictamente requerida.<\/li>\n<li>Si creemos que esta acci\u00f3n es apropiada para hacer cumplir con los t\u00e9rminos y condiciones de www.policl\u00edcicoredondela.com.<\/li>\n<li>Si es necesario para detectar o prevenir el fraude o cuestiones relacionadas con la seguridad de www.policl\u00edcicoredondela.com, sus proveedores y usuarios.<\/li>\n<\/ul>\n<\/li>\n<\/ul>\n<h2>7) MEDIDAS DE SEGURIDAD<\/h2>\n<p>POLICL\u00cdCO REDONDELA\u00a0 adopta todas las medidas t\u00e9cnicas y organizativas necesarias para proteger la seguridad e integridad de la informaci\u00f3n personal y no personal recopilada. Tanto frente a accesos no autorizados como su alteraci\u00f3n, p\u00e9rdida o destrucci\u00f3n accidentales.<\/p>\n<p>El env\u00edo y la remisi\u00f3n de datos que realices a trav\u00e9s del Servicio se encuentra protegido por t\u00e9cnicas de seguridad electr\u00f3nica en la red como el protocolo SSL. Asimismo, la informaci\u00f3n suministrada y almacenada en las bases de datos de POLICL\u00cdNICO REDONDELA se encuentra igualmente protegida por sistemas de seguridad que impiden el acceso a los mismos por terceros no autorizados.<\/p>\n<p>POLICL\u00cdNICO REDONDELA realiza sus mejores esfuerzos para disponer de los sistemas m\u00e1s actualizados para la eficacia de estos mecanismos de seguridad. Adem\u00e1s, CAL3FOTO almacena la informaci\u00f3n personal y no personal durante tanto tiempo como permita y exija la normativa. La que no se necesita se destruye peri\u00f3dicamente.<\/p>\n<p>A pesar de lo anterior, POLICL\u00cdNICO REDONDELA no puede garantizar la seguridad absoluta de la informaci\u00f3n recopilada, por lo que debes colaborar y utilizar en todo momento el sentido com\u00fan sobre la informaci\u00f3n compartida.<\/p>\n<h2>8) CAMBIOS EN LA POL\u00cdTICA DE PRIVACIDAD<\/h2>\n<p>Podremos actualizar esta Pol\u00edtica de Privacidad en el futuro.<\/p>\n<p>Te informaremos sobre sus cambios enviando un aviso a la direcci\u00f3n de correo electr\u00f3nico facilitada y\/o colocando un aviso en un lugar prominente de nuestra web.<\/p>\n<h2>9) CONTACTO<\/h2>\n<p>Si tienes dudas sobre esta Pol\u00edtica de Privacidad, contacta con nosotros en: info@policlinicoredondela.com.<\/p>\n<p>[\/et_pb_text][\/et_pb_column][\/et_pb_row][\/et_pb_section]<\/p>\n","protected":false},"excerpt":{"rendered":"<p>Pol\u00edtica PrivacidadIdentificaci\u00f3n del titular del sitio web: Raz\u00f3n social: policl\u00edcico redondela Domicilio:\u00a0 Pai Crespo\u00a0 41 baixo, 36800 Redondela, Pontevedra. NIF: B- 94164530 Correo electr\u00f3nico: info@policlinicoredondela.com. 1) DESCRIPCI\u00d3N La aceptaci\u00f3n de la pol\u00edtica de privacidad de www.policl\u00edcicoredondela.com Redondela (en adelante \u201cPol\u00edtica de Privacidad\u201d), es condici\u00f3n necesaria para el uso de nuestra p\u00e1gina web Esta Pol\u00edtica de [&hellip;]<\/p>\n","protected":false},"author":1,"featured_media":0,"parent":0,"menu_order":0,"comment_status":"closed","ping_status":"closed","template":"","meta":{"_et_pb_use_builder":"on","_et_pb_old_content":"","_et_gb_content_width":"","footnotes":""},"class_list":["post-673","page","type-page","status-publish","hentry"],"_links":{"self":[{"href":"https:\/\/policlinicoredondela.com\/index.php?rest_route=\/wp\/v2\/pages\/673","targetHints":{"allow":["GET"]}}],"collection":[{"href":"https:\/\/policlinicoredondela.com\/index.php?rest_route=\/wp\/v2\/pages"}],"about":[{"href":"https:\/\/policlinicoredondela.com\/index.php?rest_route=\/wp\/v2\/types\/page"}],"author":[{"embeddable":true,"href":"https:\/\/policlinicoredondela.com\/index.php?rest_route=\/wp\/v2\/users\/1"}],"replies":[{"embeddable":true,"href":"https:\/\/policlinicoredondela.com\/index.php?rest_route=%2Fwp%2Fv2%2Fcomments&post=673"}],"version-history":[{"count":7,"href":"https:\/\/policlinicoredondela.com\/index.php?rest_route=\/wp\/v2\/pages\/673\/revisions"}],"predecessor-version":[{"id":705,"href":"https:\/\/policlinicoredondela.com\/index.php?rest_route=\/wp\/v2\/pages\/673\/revisions\/705"}],"wp:attachment":[{"href":"https:\/\/policlinicoredondela.com\/index.php?rest_route=%2Fwp%2Fv2%2Fmedia&parent=673"}],"curies":[{"name":"wp","href":"https:\/\/api.w.org\/{rel}","templated":true}]}}